{"id":3,"date":"2026-01-14T11:32:54","date_gmt":"2026-01-14T10:32:54","guid":{"rendered":"https:\/\/promo.sonepar.it\/philips\/illuminazione\/022026\/?page_id=3"},"modified":"2026-01-16T15:26:20","modified_gmt":"2026-01-16T14:26:20","slug":"cookie-policy","status":"publish","type":"page","link":"https:\/\/promo.sonepar.it\/philips\/illuminazione\/022026\/cookie-policy\/","title":{"rendered":"Cookie Policy"},"content":{"rendered":"\t\t<div data-elementor-type=\"wp-page\" data-elementor-id=\"3\" class=\"elementor elementor-3\" data-elementor-post-type=\"page\">\n\t\t\t\t<div class=\"elementor-element elementor-element-32ed131 e-flex e-con-boxed e-con e-parent\" data-id=\"32ed131\" data-element_type=\"container\" data-e-type=\"container\">\n\t\t\t\t\t<div class=\"e-con-inner\">\n\t\t\t\t<div class=\"elementor-element elementor-element-c47f2f3 elementor-widget elementor-widget-text-editor\" data-id=\"c47f2f3\" data-element_type=\"widget\" data-e-type=\"widget\" data-widget_type=\"text-editor.default\">\n\t\t\t\t\t\t\t\t\t<h2>Cookie Policy<\/h2>\n<p><\/p>\n<div class=\"page-header\">I siti web delle societ\u00e0 appartenenti al Gruppo SONEPAR fanno uso di cookies. Poich\u00e9 la tua privacy \u00e8 importante per noi e vogliamo rendere la tua visita ai nostri siti web il pi\u00f9 piacevole possibile, pensiamo sia importante che tu sappia come e perch\u00e9 utilizziamo questi cookie.<\/div>\n<div class=\"page-content\">\n<div class=\"elementor elementor-66\" data-elementor-type=\"wp-page\" data-elementor-id=\"66\" data-elementor-settings=\"{&quot;ha_cmc_init_switcher&quot;:&quot;no&quot;}\" data-elementor-post-type=\"page\">\n<div class=\"elementor-element elementor-element-2d02344 e-flex e-con-boxed e-con e-parent e-lazyloaded\" data-id=\"2d02344\" data-element_type=\"container\" data-settings=\"{&quot;_ha_eqh_enable&quot;:false}\">\n<div class=\"e-con-inner\">\n<div class=\"elementor-element elementor-element-7550e61 elementor-widget elementor-widget-text-editor\" data-id=\"7550e61\" data-element_type=\"widget\" data-widget_type=\"text-editor.default\">\n<div class=\"elementor-widget-container\">\n<section>\n<div>\n<div>\n<div data-testid=\"rich-text-container\">\n<div>\n<div>\n<h3>Cosa sono i cookie?<\/h3>\nI cookie sono piccoli\u00a0file\u00a0di testo memorizzati dal tuo computer o dispositivo mobile quando si visita il nostro sito web. Essi sono utilizzati per ricordare le tue preferenze (ad esempio la lingua) e migliorare la tua esperienza di utente (ad esempio rilevando il tipo di dispositivo e la risoluzione dello schermo). Inoltre, i cookies vengono utilizzati per tenere traccia dei tuoi dati di accesso e per inserire gli articoli nel tuo carrello degli ordini. Non vendiamo le tue informazioni raccolte attraverso i cookies a inserzionisti o a terzi.\n<h3>Quali tipi di cookie utilizziamo?<\/h3>\n<ul>\n<li>Cookies essenziali: questi cookies sono essenziali per il corretto funzionamento del sito web\/webshop.<\/li>\n<\/ul>\n<ul>\n<li>Cookies funzionali: questi cookie assicurano che il sito web\/webshop funzioni nel modo pi\u00f9 ottimale possibile. Sono necessari per migliorare l\u2019esperienza di navigazione. Utilizziamo questi cookies per consentire al nostro sito web\/webshop di ricordare le scelte che hai fatto e offrire cos\u00ec funzioni migliori e pi\u00f9 personalizzate. Questi cookies non possono tracciare le tue attivit\u00e0 online su altri siti web e non raccolgono informazioni che possono essere utilizzate in seguito per scopi di marketing. Inoltre, questi cookie non ricordano quali siti web hai visitato, oltre alla tua visita al nostro sito web.<\/li>\n<\/ul>\n<ul>\n<li>Cookies\u00a0analitici: questi cookie sono utilizzati per statistiche generali sul traffico del sito web e non hanno lo scopo di identificarti personalmente. Attraverso i cookies analitici, raccogliamo informazioni sull\u2019utilizzo del nostro sito web\/webshop da parte degli utenti con l\u2019aiuto di terzi (Google Analytics). Misurando e mappando l\u2019uso del sito web\/webshop, possiamo migliorarlo e quindi ottimizzarne la facilit\u00e0 d\u2019uso. Ad esempio, vengono memorizzati i seguenti dati: caratteristiche del browser, quando e per quanto tempo si utilizza il sito web, quali pagine vengono visitate, se le funzionalit\u00e0 vengono utilizzate, ecc.<\/li>\n<\/ul>\n<ul>\n<li>Cookies di social network di terze parti: Questi cookie sono collocati dagli stessi siti web dei social network; permettono l\u2019utilizzo delle funzioni di questi siti web, come ad esempio un video di YouTube, le mappe di Google, la possibilit\u00e0 di mettere \u201clike\u201d o condividere qualcosa tramite Facebook o altri canali, per esempio. Si prega di fare riferimento alle dichiarazioni sui siti web di questi social network.<\/li>\n<\/ul>\n<ul>\n<li>Cookies di tracciamento: utilizziamo questi cookies per tracciare le pagine che visiti, al fine di identificare il tuo comportamento online sul nostro sito web. Abbiamo accesso solo ai cookies dei nostri domini e non riceviamo alcuna informazione sul tuo comportamento di navigazione su altri domini.<\/li>\n<\/ul>\n<ul>\n<li>Cookies pubblicitari: tracciano il tuo comportamento in rete al fine di definire il tuo profilo utente. Questo profilo sar\u00e0 poi utilizzato per mostrarti pubblicit\u00e0 che sono di interesse personale per te.<\/li>\n<\/ul>\nIl tuo consenso \u00e8 richiesto per attivare alcuni cookie del Sito che non sono strettamente necessari per l\u2019utilizzo dello stesso e che non rientrano nell\u2019ambito delle eccezioni legali alla raccolta del consenso. Siete liberi di accettare o meno l\u2019uso di detti cookie. In ogni caso, il rifiuto dei cookies non ostacoler\u00e0 il tuo accesso al Sito; tuttavia, ricordiamo che rifiutando o eliminando i cookies, potresti disattivare alcune funzionalit\u00e0 del Sito, in particolare l\u2019accesso a contenuti o servizi che richiedono la tua identificazione (se presenti). Il tuo consenso all\u2019uso dei cookies sar\u00e0 raccolto attraverso un sistema di\u00a0banner\u00a0che apparir\u00e0 sul Sito e che ti dar\u00e0 la possibilit\u00e0 di scegliere quali cookies accettare, rifiutare tutti i cookies e personalizzare le tue preferenze. Segnaliamo che in qualsiasi momento hai il diritto di ritirare il tuo consenso o di modificare le tue scelte in materia di cookies cliccando su questo link \u201cModificare le mie scelte in materia di cookie\u201c.<\/div>\n<\/div>\n<\/div>\n<\/div>\n<\/div>\n<div>\n<div>\n<div>\n<h3>Elenco dei cookie<\/h3>\n<\/div>\n<\/div>\n<\/div>\n<\/section>\n<section>\n<div>\n<div>\n<div dir=\"ltr\" lang=\"it\">Questo sito web utilizza i cookie. Utilizziamo i cookie per personalizzare contenuti ed annunci, per fornire funzionalit\u00e0 dei social media e per analizzare il nostro traffico. Condividiamo inoltre informazioni sul modo in cui utilizza il nostro sito con i nostri partner che si occupano di analisi dei dati web, pubblicit\u00e0 e social media, i quali potrebbero combinarle con altre informazioni che ha fornito loro o che hanno raccolto dal suo utilizzo dei loro servizi. I cookie sono piccoli file di testo che possono essere utilizzati dai siti web per rendere pi\u00f9 efficiente l\u2019esperienza per l\u2019utente. La legge afferma che possiamo memorizzare i cookie sul tuo dispositivo se sono strettamente necessari per il funzionamento di questo sito. Per tutti gli altri tipi di cookie abbiamo bisogno del tuo consenso. Questo sito utilizza diversi tipi di cookie. Alcuni cookie sono collocati da servizi di terzi che compaiono sulle nostre pagine. In qualsiasi momento \u00e8 possibile modificare o revocare il proprio consenso dalla Dichiarazione dei cookie sul nostro sito web. Scopri di pi\u00f9 su chi siamo, come puoi contattarci e come trattiamo i dati personali nella nostra\u00a0<a href=\"https:\/\/www.sonepar.it\/it-it\/static\/privacy-policy\" target=\"_blank\" rel=\"noopener\">Informativa sulla privacy<\/a>.<\/div>\n<\/div>\n<\/div>\n<div>\n<div class=\"cky-audit-table-element\">\u00a0<\/div>\n<\/div>\n<\/section>\n<\/div>\n<\/div>\n<\/div>\n<\/div>\n<\/div>\n<\/div>\n<p><\/p>\n<p><\/p>\t\t\t\t\t\t\t\t<\/div>\n\t\t\t\t\t<\/div>\n\t\t\t\t<\/div>\n\t\t\t\t<\/div>\n\t\t","protected":false},"excerpt":{"rendered":"<p>Cookie Policy I siti web delle societ\u00e0 appartenenti al Gruppo SONEPAR fanno uso di cookies. Poich\u00e9 la tua privacy \u00e8 importante per noi e vogliamo rendere la tua visita ai nostri siti web il pi\u00f9 piacevole possibile, pensiamo sia importante che tu sappia come e perch\u00e9 utilizziamo questi cookie. Cosa sono i cookie? I cookie [&hellip;]<\/p>\n","protected":false},"author":1,"featured_media":0,"parent":0,"menu_order":0,"comment_status":"closed","ping_status":"closed","template":"","meta":{"footnotes":""},"class_list":["post-3","page","type-page","status-publish","hentry"],"_links":{"self":[{"href":"https:\/\/promo.sonepar.it\/philips\/illuminazione\/022026\/wp-json\/wp\/v2\/pages\/3","targetHints":{"allow":["GET"]}}],"collection":[{"href":"https:\/\/promo.sonepar.it\/philips\/illuminazione\/022026\/wp-json\/wp\/v2\/pages"}],"about":[{"href":"https:\/\/promo.sonepar.it\/philips\/illuminazione\/022026\/wp-json\/wp\/v2\/types\/page"}],"author":[{"embeddable":true,"href":"https:\/\/promo.sonepar.it\/philips\/illuminazione\/022026\/wp-json\/wp\/v2\/users\/1"}],"replies":[{"embeddable":true,"href":"https:\/\/promo.sonepar.it\/philips\/illuminazione\/022026\/wp-json\/wp\/v2\/comments?post=3"}],"version-history":[{"count":0,"href":"https:\/\/promo.sonepar.it\/philips\/illuminazione\/022026\/wp-json\/wp\/v2\/pages\/3\/revisions"}],"wp:attachment":[{"href":"https:\/\/promo.sonepar.it\/philips\/illuminazione\/022026\/wp-json\/wp\/v2\/media?parent=3"}],"curies":[{"name":"wp","href":"https:\/\/api.w.org\/{rel}","templated":true}]}}